{"id":787,"date":"2023-08-19T18:21:09","date_gmt":"2023-08-19T16:21:09","guid":{"rendered":"http:\/\/christellebesse.com\/?page_id=787"},"modified":"2023-08-25T18:50:49","modified_gmt":"2023-08-25T16:50:49","slug":"illustrations-naturalistes-et-scientifiques","status":"publish","type":"page","link":"https:\/\/christellebesse.com\/index.php\/illustrations-naturalistes-et-scientifiques\/","title":{"rendered":"Illustrations naturalistes et scientifiques"},"content":{"rendered":"\t\t<div data-elementor-type=\"wp-page\" data-elementor-id=\"787\" class=\"elementor elementor-787\">\n\t\t\t\t\t\t<section class=\"elementor-section elementor-top-section elementor-element elementor-element-276b7e7 elementor-section-boxed elementor-section-height-default elementor-section-height-default\" data-id=\"276b7e7\" data-element_type=\"section\">\n\t\t\t\t\t\t<div class=\"elementor-container elementor-column-gap-default\">\n\t\t\t\t\t<div class=\"elementor-column elementor-col-100 elementor-top-column elementor-element elementor-element-7d04bff\" data-id=\"7d04bff\" data-element_type=\"column\">\n\t\t\t<div class=\"elementor-widget-wrap elementor-element-populated\">\n\t\t\t\t\t\t<div class=\"elementor-element elementor-element-ebd95c5 elementor-widget elementor-widget-heading\" data-id=\"ebd95c5\" data-element_type=\"widget\" data-widget_type=\"heading.default\">\n\t\t\t\t<div class=\"elementor-widget-container\">\n\t\t\t\t\t<h3 class=\"elementor-heading-title elementor-size-default\">Illustrations naturalistes et scientifiques<\/h3>\t\t\t\t<\/div>\n\t\t\t\t<\/div>\n\t\t\t\t<div class=\"elementor-element elementor-element-ae3f482 elementor-widget elementor-widget-spacer\" data-id=\"ae3f482\" data-element_type=\"widget\" data-widget_type=\"spacer.default\">\n\t\t\t\t<div class=\"elementor-widget-container\">\n\t\t\t\t\t\t\t<div class=\"elementor-spacer\">\n\t\t\t<div class=\"elementor-spacer-inner\"><\/div>\n\t\t<\/div>\n\t\t\t\t\t\t<\/div>\n\t\t\t\t<\/div>\n\t\t\t\t\t<\/div>\n\t\t<\/div>\n\t\t\t\t\t<\/div>\n\t\t<\/section>\n\t\t\t\t<section class=\"elementor-section elementor-top-section elementor-element elementor-element-46ea1cb elementor-section-boxed elementor-section-height-default elementor-section-height-default\" data-id=\"46ea1cb\" data-element_type=\"section\">\n\t\t\t\t\t\t<div class=\"elementor-container elementor-column-gap-default\">\n\t\t\t\t\t<div class=\"elementor-column elementor-col-50 elementor-top-column elementor-element elementor-element-c136e33\" data-id=\"c136e33\" data-element_type=\"column\">\n\t\t\t<div class=\"elementor-widget-wrap elementor-element-populated\">\n\t\t\t\t\t\t<div class=\"elementor-element elementor-element-99f3246 elementor-widget elementor-widget-image\" data-id=\"99f3246\" data-element_type=\"widget\" data-widget_type=\"image.default\">\n\t\t\t\t<div class=\"elementor-widget-container\">\n\t\t\t\t\t\t\t\t\t\t\t\t\t\t\t<img fetchpriority=\"high\" decoding=\"async\" width=\"743\" height=\"785\" src=\"https:\/\/christellebesse.com\/wp-content\/uploads\/2023\/08\/sittel_torchepot.jpg\" class=\"attachment-medium_large size-medium_large wp-image-792\" alt=\"\" srcset=\"https:\/\/christellebesse.com\/wp-content\/uploads\/2023\/08\/sittel_torchepot.jpg 743w, https:\/\/christellebesse.com\/wp-content\/uploads\/2023\/08\/sittel_torchepot-284x300.jpg 284w\" sizes=\"(max-width: 743px) 100vw, 743px\" \/>\t\t\t\t\t\t\t\t\t\t\t\t\t\t\t<\/div>\n\t\t\t\t<\/div>\n\t\t\t\t\t<\/div>\n\t\t<\/div>\n\t\t\t\t<div class=\"elementor-column elementor-col-50 elementor-top-column elementor-element elementor-element-026c9df\" data-id=\"026c9df\" data-element_type=\"column\">\n\t\t\t<div class=\"elementor-widget-wrap elementor-element-populated\">\n\t\t\t\t\t\t<div class=\"elementor-element elementor-element-0541b74 elementor-widget elementor-widget-text-editor\" data-id=\"0541b74\" data-element_type=\"widget\" data-widget_type=\"text-editor.default\">\n\t\t\t\t<div class=\"elementor-widget-container\">\n\t\t\t\t\t\t\t\t\t<p>Dans le pass\u00e9, <strong>explorateurs et scientifiques parcouraient le monde \u00e0 la d\u00e9couverte de nouveaux continents\u2026 Ils \u00e9taient accompagn\u00e9s de dessinateurs qui illustraient leurs trouvailles, r\u00e9alisant ainsi de magnifiques planches zoologiques et botaniques.<\/strong><\/p><p>De nos jours, alors que la menace sur la biodiversit\u00e9 n\u2019a jamais \u00e9t\u00e9 aussi forte, l\u2019illustration naturaliste est toujours d\u2019actualit\u00e9. Mon sens de l\u2019observation et du d\u00e9tail permet de repr\u00e9senter fid\u00e8lement n\u2019importe quel animal et de le sublimer accompagn\u00e9 souvent de son environnement naturel.<\/p><p>Une partie de mon travail s\u2019adresse donc aux mus\u00e9ums, maisons d\u2019\u00e9dition, revues sp\u00e9cialis\u00e9es dans le domaine scientifique\u2026<\/p>\t\t\t\t\t\t\t\t<\/div>\n\t\t\t\t<\/div>\n\t\t\t\t\t<\/div>\n\t\t<\/div>\n\t\t\t\t\t<\/div>\n\t\t<\/section>\n\t\t\t\t<section class=\"elementor-section elementor-top-section elementor-element elementor-element-9f5b6e5 elementor-section-boxed elementor-section-height-default elementor-section-height-default\" data-id=\"9f5b6e5\" data-element_type=\"section\">\n\t\t\t\t\t\t<div class=\"elementor-container elementor-column-gap-default\">\n\t\t\t\t\t<div class=\"elementor-column elementor-col-50 elementor-top-column elementor-element elementor-element-c2a5163\" data-id=\"c2a5163\" data-element_type=\"column\">\n\t\t\t<div class=\"elementor-widget-wrap elementor-element-populated\">\n\t\t\t\t\t\t<div class=\"elementor-element elementor-element-c150997 elementor-widget elementor-widget-heading\" data-id=\"c150997\" data-element_type=\"widget\" data-widget_type=\"heading.default\">\n\t\t\t\t<div class=\"elementor-widget-container\">\n\t\t\t\t\t<h3 class=\"elementor-heading-title elementor-size-medium\">Pourquoi une illustration plut\u00f4t qu'une\u00a0photo\u00a0?<\/h3>\t\t\t\t<\/div>\n\t\t\t\t<\/div>\n\t\t\t\t<div class=\"elementor-element elementor-element-dbffffc elementor-widget elementor-widget-text-editor\" data-id=\"dbffffc\" data-element_type=\"widget\" data-widget_type=\"text-editor.default\">\n\t\t\t\t<div class=\"elementor-widget-container\">\n\t\t\t\t\t\t\t\t\t<p>Un dessin se moque de la mise au point, des \u00e9clairages et des variations de couleurs, il identifie et restitue la bonne nuance.<\/p><p>Peu importe les \u00e9chelles extr\u00eames\u00a0: il peut repr\u00e9senter aussi bien l\u2019infiniment petit que l\u2019infiniment grand.<\/p><p>Il permet de parfaire un d\u00e9tail, de mettre en avant les crit\u00e8res de d\u00e9termination d\u2019une esp\u00e8ce.<\/p><p>Qu\u2019il s\u2019agisse de vulgariser une notion scientifique complexe, un concept abstrait, la technique et le mode d\u2019expression varient pour s\u2019adapter au public vis\u00e9 (jeunes, sp\u00e9cialistes, \u00abgrand public\u00a0\u00bb, passionn\u00e9s\u2026)<\/p><p>Un dessin rend le sujet <strong>plus lisible<\/strong>, <strong>plus compr\u00e9hensible <\/strong>qu\u2019une photo et cela <strong>avec esth\u00e9tique et \u00e9l\u00e9gance <\/strong>!<\/p><p>Il participe \u00e0 la <strong>diffusion des connaissances<\/strong> en les rendant<strong> accessibles \u00e0 tous<\/strong>\u00a0!<\/p><p>Les domaines concern\u00e9s vont de <strong>la biologie, la zoologie, la botanique en passant par la physique, la m\u00e9decine\u2026<\/strong><\/p>\t\t\t\t\t\t\t\t<\/div>\n\t\t\t\t<\/div>\n\t\t\t\t\t<\/div>\n\t\t<\/div>\n\t\t\t\t<div class=\"elementor-column elementor-col-50 elementor-top-column elementor-element elementor-element-25545c1\" data-id=\"25545c1\" data-element_type=\"column\">\n\t\t\t<div class=\"elementor-widget-wrap elementor-element-populated\">\n\t\t\t\t\t\t<div class=\"elementor-element elementor-element-feaafe8 elementor-widget elementor-widget-image\" data-id=\"feaafe8\" data-element_type=\"widget\" data-widget_type=\"image.default\">\n\t\t\t\t<div class=\"elementor-widget-container\">\n\t\t\t\t\t\t\t\t\t\t\t\t\t\t\t<img decoding=\"async\" width=\"768\" height=\"768\" src=\"https:\/\/christellebesse.com\/wp-content\/uploads\/2023\/08\/Coccolithospere-e1692982187230-768x768.jpg\" class=\"attachment-medium_large size-medium_large wp-image-1014\" alt=\"\" srcset=\"https:\/\/christellebesse.com\/wp-content\/uploads\/2023\/08\/Coccolithospere-e1692982187230-768x768.jpg 768w, https:\/\/christellebesse.com\/wp-content\/uploads\/2023\/08\/Coccolithospere-e1692982187230-300x300.jpg 300w, https:\/\/christellebesse.com\/wp-content\/uploads\/2023\/08\/Coccolithospere-e1692982187230-1024x1024.jpg 1024w, https:\/\/christellebesse.com\/wp-content\/uploads\/2023\/08\/Coccolithospere-e1692982187230-150x150.jpg 150w, https:\/\/christellebesse.com\/wp-content\/uploads\/2023\/08\/Coccolithospere-e1692982187230.jpg 1435w\" sizes=\"(max-width: 768px) 100vw, 768px\" \/>\t\t\t\t\t\t\t\t\t\t\t\t\t\t\t<\/div>\n\t\t\t\t<\/div>\n\t\t\t\t\t<\/div>\n\t\t<\/div>\n\t\t\t\t\t<\/div>\n\t\t<\/section>\n\t\t\t\t<\/div>\n\t\t","protected":false},"excerpt":{"rendered":"<p>Illustrations naturalistes et scientifiques Dans le pass\u00e9, explorateurs et scientifiques parcouraient le monde \u00e0 la d\u00e9couverte de nouveaux continents\u2026 Ils \u00e9taient accompagn\u00e9s de dessinateurs qui illustraient leurs trouvailles, r\u00e9alisant ainsi de magnifiques planches zoologiques et botaniques. De nos jours, alors que la menace sur la biodiversit\u00e9 n\u2019a jamais \u00e9t\u00e9 aussi forte, l\u2019illustration naturaliste est toujours&hellip;&nbsp;<a href=\"https:\/\/christellebesse.com\/index.php\/illustrations-naturalistes-et-scientifiques\/\" class=\"\" rel=\"bookmark\">Lire la suite &raquo;<span class=\"screen-reader-text\">Illustrations naturalistes et scientifiques<\/span><\/a><\/p>\n","protected":false},"author":1,"featured_media":0,"parent":0,"menu_order":0,"comment_status":"closed","ping_status":"closed","template":"page-templates\/template-pagebuilder-full-width.php","meta":{"neve_meta_sidebar":"","neve_meta_container":"","neve_meta_enable_content_width":"","neve_meta_content_width":0,"neve_meta_title_alignment":"","neve_meta_author_avatar":"","neve_post_elements_order":"","neve_meta_disable_header":"","neve_meta_disable_footer":"","neve_meta_disable_title":"","footnotes":""},"class_list":["post-787","page","type-page","status-publish","hentry"],"yoast_head":"<!-- This site is optimized with the Yoast SEO plugin v26.5 - https:\/\/yoast.com\/wordpress\/plugins\/seo\/ -->\n<title>Illustrations naturalistes et scientifiques - ChristelleBESSE - Artiste et Illustratrice<\/title>\n<meta name=\"description\" content=\"Illustrations naturalistes et scientifiques\" \/>\n<meta name=\"robots\" content=\"index, follow, max-snippet:-1, max-image-preview:large, max-video-preview:-1\" \/>\n<link rel=\"canonical\" href=\"https:\/\/christellebesse.com\/index.php\/illustrations-naturalistes-et-scientifiques\/\" \/>\n<meta property=\"og:locale\" content=\"fr_FR\" \/>\n<meta property=\"og:type\" content=\"article\" \/>\n<meta property=\"og:title\" content=\"Illustrations naturalistes et scientifiques - ChristelleBESSE - Artiste et Illustratrice\" \/>\n<meta property=\"og:description\" content=\"Illustrations naturalistes et scientifiques\" \/>\n<meta property=\"og:url\" content=\"https:\/\/christellebesse.com\/index.php\/illustrations-naturalistes-et-scientifiques\/\" \/>\n<meta property=\"og:site_name\" content=\"ChristelleBESSE - Artiste et Illustratrice\" \/>\n<meta property=\"article:publisher\" content=\"https:\/\/www.facebook.com\/christelle.besse.79\/\" \/>\n<meta property=\"article:modified_time\" content=\"2023-08-25T16:50:49+00:00\" \/>\n<meta property=\"og:image\" content=\"http:\/\/christellebesse.com\/wp-content\/uploads\/2023\/08\/sittel_torchepot.jpg\" \/>\n<meta name=\"twitter:card\" content=\"summary_large_image\" \/>\n<meta name=\"twitter:label1\" content=\"Dur\u00e9e de lecture estim\u00e9e\" \/>\n\t<meta name=\"twitter:data1\" content=\"2 minutes\" \/>\n<script type=\"application\/ld+json\" class=\"yoast-schema-graph\">{\"@context\":\"https:\/\/schema.org\",\"@graph\":[{\"@type\":\"WebPage\",\"@id\":\"https:\/\/christellebesse.com\/index.php\/illustrations-naturalistes-et-scientifiques\/\",\"url\":\"https:\/\/christellebesse.com\/index.php\/illustrations-naturalistes-et-scientifiques\/\",\"name\":\"Illustrations naturalistes et scientifiques - ChristelleBESSE - Artiste et Illustratrice\",\"isPartOf\":{\"@id\":\"https:\/\/christellebesse.com\/#website\"},\"primaryImageOfPage\":{\"@id\":\"https:\/\/christellebesse.com\/index.php\/illustrations-naturalistes-et-scientifiques\/#primaryimage\"},\"image\":{\"@id\":\"https:\/\/christellebesse.com\/index.php\/illustrations-naturalistes-et-scientifiques\/#primaryimage\"},\"thumbnailUrl\":\"http:\/\/christellebesse.com\/wp-content\/uploads\/2023\/08\/sittel_torchepot.jpg\",\"datePublished\":\"2023-08-19T16:21:09+00:00\",\"dateModified\":\"2023-08-25T16:50:49+00:00\",\"description\":\"Illustrations naturalistes et scientifiques\",\"breadcrumb\":{\"@id\":\"https:\/\/christellebesse.com\/index.php\/illustrations-naturalistes-et-scientifiques\/#breadcrumb\"},\"inLanguage\":\"fr-FR\",\"potentialAction\":[{\"@type\":\"ReadAction\",\"target\":[\"https:\/\/christellebesse.com\/index.php\/illustrations-naturalistes-et-scientifiques\/\"]}]},{\"@type\":\"ImageObject\",\"inLanguage\":\"fr-FR\",\"@id\":\"https:\/\/christellebesse.com\/index.php\/illustrations-naturalistes-et-scientifiques\/#primaryimage\",\"url\":\"https:\/\/christellebesse.com\/wp-content\/uploads\/2023\/08\/sittel_torchepot.jpg\",\"contentUrl\":\"https:\/\/christellebesse.com\/wp-content\/uploads\/2023\/08\/sittel_torchepot.jpg\",\"width\":743,\"height\":785,\"caption\":\"Sittel torchepot\"},{\"@type\":\"BreadcrumbList\",\"@id\":\"https:\/\/christellebesse.com\/index.php\/illustrations-naturalistes-et-scientifiques\/#breadcrumb\",\"itemListElement\":[{\"@type\":\"ListItem\",\"position\":1,\"name\":\"Accueil\",\"item\":\"https:\/\/christellebesse.com\/\"},{\"@type\":\"ListItem\",\"position\":2,\"name\":\"Illustrations naturalistes et scientifiques\"}]},{\"@type\":\"WebSite\",\"@id\":\"https:\/\/christellebesse.com\/#website\",\"url\":\"https:\/\/christellebesse.com\/\",\"name\":\"ChristelleBESSE - Artiste et Illustratrice\",\"description\":\"ChristelleBESSE - Illustratrice\",\"publisher\":{\"@id\":\"https:\/\/christellebesse.com\/#\/schema\/person\/8e80be334482e71b8ef21c26f585c585\"},\"alternateName\":\"Christelle BESSE\",\"potentialAction\":[{\"@type\":\"SearchAction\",\"target\":{\"@type\":\"EntryPoint\",\"urlTemplate\":\"https:\/\/christellebesse.com\/?s={search_term_string}\"},\"query-input\":{\"@type\":\"PropertyValueSpecification\",\"valueRequired\":true,\"valueName\":\"search_term_string\"}}],\"inLanguage\":\"fr-FR\"},{\"@type\":[\"Person\",\"Organization\"],\"@id\":\"https:\/\/christellebesse.com\/#\/schema\/person\/8e80be334482e71b8ef21c26f585c585\",\"name\":\"admin9276\",\"image\":{\"@type\":\"ImageObject\",\"inLanguage\":\"fr-FR\",\"@id\":\"https:\/\/christellebesse.com\/#\/schema\/person\/image\/\",\"url\":\"https:\/\/christellebesse.com\/wp-content\/uploads\/2023\/07\/Macaron-CB2-1-scaled.jpg\",\"contentUrl\":\"https:\/\/christellebesse.com\/wp-content\/uploads\/2023\/07\/Macaron-CB2-1-scaled.jpg\",\"width\":2560,\"height\":2560,\"caption\":\"admin9276\"},\"logo\":{\"@id\":\"https:\/\/christellebesse.com\/#\/schema\/person\/image\/\"},\"description\":\"Artiste, illustratrice professionnelle depuis 2022, bas\u00e9e en Provence.\",\"sameAs\":[\"https:\/\/christellebesse.com\",\"https:\/\/www.facebook.com\/christelle.besse.79\/\",\"https:\/\/www.instagram.com\/__christellebesse__\/\",\"https:\/\/www.linkedin.com\/in\/christellebesse-art\/\"]}]}<\/script>\n<!-- \/ Yoast SEO plugin. -->","yoast_head_json":{"title":"Illustrations naturalistes et scientifiques - ChristelleBESSE - Artiste et Illustratrice","description":"Illustrations naturalistes et scientifiques","robots":{"index":"index","follow":"follow","max-snippet":"max-snippet:-1","max-image-preview":"max-image-preview:large","max-video-preview":"max-video-preview:-1"},"canonical":"https:\/\/christellebesse.com\/index.php\/illustrations-naturalistes-et-scientifiques\/","og_locale":"fr_FR","og_type":"article","og_title":"Illustrations naturalistes et scientifiques - ChristelleBESSE - Artiste et Illustratrice","og_description":"Illustrations naturalistes et scientifiques","og_url":"https:\/\/christellebesse.com\/index.php\/illustrations-naturalistes-et-scientifiques\/","og_site_name":"ChristelleBESSE - Artiste et Illustratrice","article_publisher":"https:\/\/www.facebook.com\/christelle.besse.79\/","article_modified_time":"2023-08-25T16:50:49+00:00","og_image":[{"url":"http:\/\/christellebesse.com\/wp-content\/uploads\/2023\/08\/sittel_torchepot.jpg","type":"","width":"","height":""}],"twitter_card":"summary_large_image","twitter_misc":{"Dur\u00e9e de lecture estim\u00e9e":"2 minutes"},"schema":{"@context":"https:\/\/schema.org","@graph":[{"@type":"WebPage","@id":"https:\/\/christellebesse.com\/index.php\/illustrations-naturalistes-et-scientifiques\/","url":"https:\/\/christellebesse.com\/index.php\/illustrations-naturalistes-et-scientifiques\/","name":"Illustrations naturalistes et scientifiques - ChristelleBESSE - Artiste et Illustratrice","isPartOf":{"@id":"https:\/\/christellebesse.com\/#website"},"primaryImageOfPage":{"@id":"https:\/\/christellebesse.com\/index.php\/illustrations-naturalistes-et-scientifiques\/#primaryimage"},"image":{"@id":"https:\/\/christellebesse.com\/index.php\/illustrations-naturalistes-et-scientifiques\/#primaryimage"},"thumbnailUrl":"http:\/\/christellebesse.com\/wp-content\/uploads\/2023\/08\/sittel_torchepot.jpg","datePublished":"2023-08-19T16:21:09+00:00","dateModified":"2023-08-25T16:50:49+00:00","description":"Illustrations naturalistes et scientifiques","breadcrumb":{"@id":"https:\/\/christellebesse.com\/index.php\/illustrations-naturalistes-et-scientifiques\/#breadcrumb"},"inLanguage":"fr-FR","potentialAction":[{"@type":"ReadAction","target":["https:\/\/christellebesse.com\/index.php\/illustrations-naturalistes-et-scientifiques\/"]}]},{"@type":"ImageObject","inLanguage":"fr-FR","@id":"https:\/\/christellebesse.com\/index.php\/illustrations-naturalistes-et-scientifiques\/#primaryimage","url":"https:\/\/christellebesse.com\/wp-content\/uploads\/2023\/08\/sittel_torchepot.jpg","contentUrl":"https:\/\/christellebesse.com\/wp-content\/uploads\/2023\/08\/sittel_torchepot.jpg","width":743,"height":785,"caption":"Sittel torchepot"},{"@type":"BreadcrumbList","@id":"https:\/\/christellebesse.com\/index.php\/illustrations-naturalistes-et-scientifiques\/#breadcrumb","itemListElement":[{"@type":"ListItem","position":1,"name":"Accueil","item":"https:\/\/christellebesse.com\/"},{"@type":"ListItem","position":2,"name":"Illustrations naturalistes et scientifiques"}]},{"@type":"WebSite","@id":"https:\/\/christellebesse.com\/#website","url":"https:\/\/christellebesse.com\/","name":"ChristelleBESSE - Artiste et Illustratrice","description":"ChristelleBESSE - Illustratrice","publisher":{"@id":"https:\/\/christellebesse.com\/#\/schema\/person\/8e80be334482e71b8ef21c26f585c585"},"alternateName":"Christelle BESSE","potentialAction":[{"@type":"SearchAction","target":{"@type":"EntryPoint","urlTemplate":"https:\/\/christellebesse.com\/?s={search_term_string}"},"query-input":{"@type":"PropertyValueSpecification","valueRequired":true,"valueName":"search_term_string"}}],"inLanguage":"fr-FR"},{"@type":["Person","Organization"],"@id":"https:\/\/christellebesse.com\/#\/schema\/person\/8e80be334482e71b8ef21c26f585c585","name":"admin9276","image":{"@type":"ImageObject","inLanguage":"fr-FR","@id":"https:\/\/christellebesse.com\/#\/schema\/person\/image\/","url":"https:\/\/christellebesse.com\/wp-content\/uploads\/2023\/07\/Macaron-CB2-1-scaled.jpg","contentUrl":"https:\/\/christellebesse.com\/wp-content\/uploads\/2023\/07\/Macaron-CB2-1-scaled.jpg","width":2560,"height":2560,"caption":"admin9276"},"logo":{"@id":"https:\/\/christellebesse.com\/#\/schema\/person\/image\/"},"description":"Artiste, illustratrice professionnelle depuis 2022, bas\u00e9e en Provence.","sameAs":["https:\/\/christellebesse.com","https:\/\/www.facebook.com\/christelle.besse.79\/","https:\/\/www.instagram.com\/__christellebesse__\/","https:\/\/www.linkedin.com\/in\/christellebesse-art\/"]}]}},"_links":{"self":[{"href":"https:\/\/christellebesse.com\/index.php\/wp-json\/wp\/v2\/pages\/787","targetHints":{"allow":["GET"]}}],"collection":[{"href":"https:\/\/christellebesse.com\/index.php\/wp-json\/wp\/v2\/pages"}],"about":[{"href":"https:\/\/christellebesse.com\/index.php\/wp-json\/wp\/v2\/types\/page"}],"author":[{"embeddable":true,"href":"https:\/\/christellebesse.com\/index.php\/wp-json\/wp\/v2\/users\/1"}],"replies":[{"embeddable":true,"href":"https:\/\/christellebesse.com\/index.php\/wp-json\/wp\/v2\/comments?post=787"}],"version-history":[{"count":26,"href":"https:\/\/christellebesse.com\/index.php\/wp-json\/wp\/v2\/pages\/787\/revisions"}],"predecessor-version":[{"id":2058,"href":"https:\/\/christellebesse.com\/index.php\/wp-json\/wp\/v2\/pages\/787\/revisions\/2058"}],"wp:attachment":[{"href":"https:\/\/christellebesse.com\/index.php\/wp-json\/wp\/v2\/media?parent=787"}],"curies":[{"name":"wp","href":"https:\/\/api.w.org\/{rel}","templated":true}]}}