{"id":808,"date":"2023-08-19T19:41:18","date_gmt":"2023-08-19T17:41:18","guid":{"rendered":"http:\/\/christellebesse.com\/?page_id=808"},"modified":"2023-10-16T15:41:09","modified_gmt":"2023-10-16T13:41:09","slug":"portraits","status":"publish","type":"page","link":"https:\/\/christellebesse.com\/index.php\/portraits\/","title":{"rendered":"Portraits"},"content":{"rendered":"\t\t<div data-elementor-type=\"wp-page\" data-elementor-id=\"808\" class=\"elementor elementor-808\">\n\t\t\t\t\t\t<section class=\"elementor-section elementor-top-section elementor-element elementor-element-7d238e8 elementor-section-boxed elementor-section-height-default elementor-section-height-default\" data-id=\"7d238e8\" data-element_type=\"section\">\n\t\t\t\t\t\t<div class=\"elementor-container elementor-column-gap-default\">\n\t\t\t\t\t<div class=\"elementor-column elementor-col-100 elementor-top-column elementor-element elementor-element-8128a79\" data-id=\"8128a79\" data-element_type=\"column\">\n\t\t\t<div class=\"elementor-widget-wrap elementor-element-populated\">\n\t\t\t\t\t\t<div class=\"elementor-element elementor-element-3c6e3e5 elementor-widget elementor-widget-spacer\" data-id=\"3c6e3e5\" data-element_type=\"widget\" data-widget_type=\"spacer.default\">\n\t\t\t\t<div class=\"elementor-widget-container\">\n\t\t\t\t\t\t\t<div class=\"elementor-spacer\">\n\t\t\t<div class=\"elementor-spacer-inner\"><\/div>\n\t\t<\/div>\n\t\t\t\t\t\t<\/div>\n\t\t\t\t<\/div>\n\t\t\t\t<div class=\"elementor-element elementor-element-50715b5 elementor-widget__width-initial elementor-widget elementor-widget-text-editor\" data-id=\"50715b5\" data-element_type=\"widget\" data-widget_type=\"text-editor.default\">\n\t\t\t\t<div class=\"elementor-widget-container\">\n\t\t\t\t\t\t\t\t\t<h3>\u00ab Tout portrait qu&rsquo;on peint avec \u00e2me est un portrait, non du mod\u00e8le, mais de l&rsquo;artiste. \u00bb<\/h3><h3>Oscar Wilde.<\/h3>\t\t\t\t\t\t\t\t<\/div>\n\t\t\t\t<\/div>\n\t\t\t\t<div class=\"elementor-element elementor-element-a32d15d elementor-widget elementor-widget-spacer\" data-id=\"a32d15d\" data-element_type=\"widget\" data-widget_type=\"spacer.default\">\n\t\t\t\t<div class=\"elementor-widget-container\">\n\t\t\t\t\t\t\t<div class=\"elementor-spacer\">\n\t\t\t<div class=\"elementor-spacer-inner\"><\/div>\n\t\t<\/div>\n\t\t\t\t\t\t<\/div>\n\t\t\t\t<\/div>\n\t\t\t\t\t<\/div>\n\t\t<\/div>\n\t\t\t\t\t<\/div>\n\t\t<\/section>\n\t\t\t\t<section class=\"elementor-section elementor-top-section elementor-element elementor-element-34aee9e elementor-section-height-min-height elementor-section-items-stretch elementor-section-boxed elementor-section-height-default\" data-id=\"34aee9e\" data-element_type=\"section\">\n\t\t\t\t\t\t<div class=\"elementor-container elementor-column-gap-default\">\n\t\t\t\t\t<div class=\"elementor-column elementor-col-50 elementor-top-column elementor-element elementor-element-a1d2ea4\" data-id=\"a1d2ea4\" data-element_type=\"column\" data-settings=\"{&quot;background_background&quot;:&quot;classic&quot;}\">\n\t\t\t<div class=\"elementor-widget-wrap elementor-element-populated\">\n\t\t\t\t\t\t<div class=\"elementor-element elementor-element-5daace1 elementor-widget__width-initial elementor-widget-tablet__width-initial elementor-widget elementor-widget-image\" data-id=\"5daace1\" data-element_type=\"widget\" data-widget_type=\"image.default\">\n\t\t\t\t<div class=\"elementor-widget-container\">\n\t\t\t\t\t\t\t\t\t\t\t\t\t\t\t<img fetchpriority=\"high\" decoding=\"async\" width=\"1500\" height=\"1819\" src=\"https:\/\/christellebesse.com\/wp-content\/uploads\/2023\/09\/Portrait_animal-de-compagnie3.jpg\" class=\"attachment-full size-full wp-image-1294\" alt=\"Portrait chat europ\u00e9en\" srcset=\"https:\/\/christellebesse.com\/wp-content\/uploads\/2023\/09\/Portrait_animal-de-compagnie3.jpg 1500w, https:\/\/christellebesse.com\/wp-content\/uploads\/2023\/09\/Portrait_animal-de-compagnie3-247x300.jpg 247w, https:\/\/christellebesse.com\/wp-content\/uploads\/2023\/09\/Portrait_animal-de-compagnie3-844x1024.jpg 844w, https:\/\/christellebesse.com\/wp-content\/uploads\/2023\/09\/Portrait_animal-de-compagnie3-768x931.jpg 768w, https:\/\/christellebesse.com\/wp-content\/uploads\/2023\/09\/Portrait_animal-de-compagnie3-1267x1536.jpg 1267w\" sizes=\"(max-width: 1500px) 100vw, 1500px\" \/>\t\t\t\t\t\t\t\t\t\t\t\t\t\t\t<\/div>\n\t\t\t\t<\/div>\n\t\t\t\t\t<\/div>\n\t\t<\/div>\n\t\t\t\t<div class=\"elementor-column elementor-col-50 elementor-top-column elementor-element elementor-element-f0951ca\" data-id=\"f0951ca\" data-element_type=\"column\" data-settings=\"{&quot;background_background&quot;:&quot;classic&quot;}\">\n\t\t\t<div class=\"elementor-widget-wrap elementor-element-populated\">\n\t\t\t\t\t\t<div class=\"elementor-element elementor-element-1e7db2b elementor-widget__width-initial elementor-widget elementor-widget-text-editor\" data-id=\"1e7db2b\" data-element_type=\"widget\" data-widget_type=\"text-editor.default\">\n\t\t\t\t<div class=\"elementor-widget-container\">\n\t\t\t\t\t\t\t\t\t<p>La r\u00e9alisation de portraits est une activit\u00e9 qui j\u2019affectionne particuli\u00e8rement et dans laquelle mon implication personnelle est extr\u00eamement forte.<br \/>Par ma main pr\u00e9cise et minutieuse, j\u2019apporte un soin essentiel \u00e0 l\u2019obtention d\u2019un r\u00e9sultat fid\u00e8le tant dans l\u2019expression que dans la ressemblance sans toutefois rechercher l\u2019hyper-r\u00e9alisme.<\/p><p>Je r\u00e9ponds \u00e0 chaque demande par un travail sur-mesure, mon but \u00e9tant de cr\u00e9er une \u0153uvre unique et artistique : ici, c\u2019est l\u2019\u00e9motion qui prime !<\/p><p>\u00a0<\/p><p><strong>Pour les particuliers, <\/strong>qu\u2019il s\u2019agisse de r\u00e9aliser le portait d\u2019un<strong> \u00eatre cher, d\u2019un animal de compagnie pour offrir ou se faire plaisir\u2026<\/strong><\/p><p><strong>Pour embellir un document corporatif, une couverture de livre, de magazine, un article de presse\u2026<\/strong><\/p>\t\t\t\t\t\t\t\t<\/div>\n\t\t\t\t<\/div>\n\t\t\t\t\t<\/div>\n\t\t<\/div>\n\t\t\t\t\t<\/div>\n\t\t<\/section>\n\t\t\t\t<\/div>\n\t\t","protected":false},"excerpt":{"rendered":"<p>\u00ab Tout portrait qu&rsquo;on peint avec \u00e2me est un portrait, non du mod\u00e8le, mais de l&rsquo;artiste. \u00bb Oscar Wilde. La r\u00e9alisation de portraits est une activit\u00e9 qui j\u2019affectionne particuli\u00e8rement et dans laquelle mon implication personnelle est extr\u00eamement forte.Par ma main pr\u00e9cise et minutieuse, j\u2019apporte un soin essentiel \u00e0 l\u2019obtention d\u2019un r\u00e9sultat fid\u00e8le tant dans l\u2019expression&hellip;&nbsp;<a href=\"https:\/\/christellebesse.com\/index.php\/portraits\/\" class=\"\" rel=\"bookmark\">Lire la suite &raquo;<span class=\"screen-reader-text\">Portraits<\/span><\/a><\/p>\n","protected":false},"author":1,"featured_media":0,"parent":0,"menu_order":0,"comment_status":"closed","ping_status":"closed","template":"page-templates\/template-pagebuilder-full-width.php","meta":{"neve_meta_sidebar":"","neve_meta_container":"","neve_meta_enable_content_width":"","neve_meta_content_width":0,"neve_meta_title_alignment":"","neve_meta_author_avatar":"","neve_post_elements_order":"","neve_meta_disable_header":"","neve_meta_disable_footer":"","neve_meta_disable_title":"","footnotes":""},"class_list":["post-808","page","type-page","status-publish","hentry"],"yoast_head":"<!-- This site is optimized with the Yoast SEO plugin v26.5 - https:\/\/yoast.com\/wordpress\/plugins\/seo\/ -->\n<title>Portraits - ChristelleBESSE - Artiste et Illustratrice<\/title>\n<meta name=\"description\" content=\"Portraits\" \/>\n<meta name=\"robots\" content=\"index, follow, max-snippet:-1, max-image-preview:large, max-video-preview:-1\" \/>\n<link rel=\"canonical\" href=\"https:\/\/christellebesse.com\/index.php\/portraits\/\" \/>\n<meta property=\"og:locale\" content=\"fr_FR\" \/>\n<meta property=\"og:type\" content=\"article\" \/>\n<meta property=\"og:title\" content=\"Portraits - ChristelleBESSE - Artiste et Illustratrice\" \/>\n<meta property=\"og:description\" content=\"Portraits\" \/>\n<meta property=\"og:url\" content=\"https:\/\/christellebesse.com\/index.php\/portraits\/\" \/>\n<meta property=\"og:site_name\" content=\"ChristelleBESSE - Artiste et Illustratrice\" \/>\n<meta property=\"article:publisher\" content=\"https:\/\/www.facebook.com\/christelle.besse.79\/\" \/>\n<meta property=\"article:modified_time\" content=\"2023-10-16T13:41:09+00:00\" \/>\n<meta property=\"og:image\" content=\"http:\/\/christellebesse.com\/wp-content\/uploads\/2023\/09\/Portrait_animal-de-compagnie3.jpg\" \/>\n<meta name=\"twitter:card\" content=\"summary_large_image\" \/>\n<meta name=\"twitter:label1\" content=\"Dur\u00e9e de lecture estim\u00e9e\" \/>\n\t<meta name=\"twitter:data1\" content=\"1 minute\" \/>\n<script type=\"application\/ld+json\" class=\"yoast-schema-graph\">{\"@context\":\"https:\/\/schema.org\",\"@graph\":[{\"@type\":\"WebPage\",\"@id\":\"https:\/\/christellebesse.com\/index.php\/portraits\/\",\"url\":\"https:\/\/christellebesse.com\/index.php\/portraits\/\",\"name\":\"Portraits - ChristelleBESSE - Artiste et Illustratrice\",\"isPartOf\":{\"@id\":\"https:\/\/christellebesse.com\/#website\"},\"primaryImageOfPage\":{\"@id\":\"https:\/\/christellebesse.com\/index.php\/portraits\/#primaryimage\"},\"image\":{\"@id\":\"https:\/\/christellebesse.com\/index.php\/portraits\/#primaryimage\"},\"thumbnailUrl\":\"http:\/\/christellebesse.com\/wp-content\/uploads\/2023\/09\/Portrait_animal-de-compagnie3.jpg\",\"datePublished\":\"2023-08-19T17:41:18+00:00\",\"dateModified\":\"2023-10-16T13:41:09+00:00\",\"description\":\"Portraits\",\"breadcrumb\":{\"@id\":\"https:\/\/christellebesse.com\/index.php\/portraits\/#breadcrumb\"},\"inLanguage\":\"fr-FR\",\"potentialAction\":[{\"@type\":\"ReadAction\",\"target\":[\"https:\/\/christellebesse.com\/index.php\/portraits\/\"]}]},{\"@type\":\"ImageObject\",\"inLanguage\":\"fr-FR\",\"@id\":\"https:\/\/christellebesse.com\/index.php\/portraits\/#primaryimage\",\"url\":\"http:\/\/christellebesse.com\/wp-content\/uploads\/2023\/09\/Portrait_animal-de-compagnie3.jpg\",\"contentUrl\":\"http:\/\/christellebesse.com\/wp-content\/uploads\/2023\/09\/Portrait_animal-de-compagnie3.jpg\"},{\"@type\":\"BreadcrumbList\",\"@id\":\"https:\/\/christellebesse.com\/index.php\/portraits\/#breadcrumb\",\"itemListElement\":[{\"@type\":\"ListItem\",\"position\":1,\"name\":\"Accueil\",\"item\":\"https:\/\/christellebesse.com\/\"},{\"@type\":\"ListItem\",\"position\":2,\"name\":\"Portraits\"}]},{\"@type\":\"WebSite\",\"@id\":\"https:\/\/christellebesse.com\/#website\",\"url\":\"https:\/\/christellebesse.com\/\",\"name\":\"ChristelleBESSE - Artiste et Illustratrice\",\"description\":\"ChristelleBESSE - Illustratrice\",\"publisher\":{\"@id\":\"https:\/\/christellebesse.com\/#\/schema\/person\/8e80be334482e71b8ef21c26f585c585\"},\"alternateName\":\"Christelle BESSE\",\"potentialAction\":[{\"@type\":\"SearchAction\",\"target\":{\"@type\":\"EntryPoint\",\"urlTemplate\":\"https:\/\/christellebesse.com\/?s={search_term_string}\"},\"query-input\":{\"@type\":\"PropertyValueSpecification\",\"valueRequired\":true,\"valueName\":\"search_term_string\"}}],\"inLanguage\":\"fr-FR\"},{\"@type\":[\"Person\",\"Organization\"],\"@id\":\"https:\/\/christellebesse.com\/#\/schema\/person\/8e80be334482e71b8ef21c26f585c585\",\"name\":\"admin9276\",\"image\":{\"@type\":\"ImageObject\",\"inLanguage\":\"fr-FR\",\"@id\":\"https:\/\/christellebesse.com\/#\/schema\/person\/image\/\",\"url\":\"https:\/\/christellebesse.com\/wp-content\/uploads\/2023\/07\/Macaron-CB2-1-scaled.jpg\",\"contentUrl\":\"https:\/\/christellebesse.com\/wp-content\/uploads\/2023\/07\/Macaron-CB2-1-scaled.jpg\",\"width\":2560,\"height\":2560,\"caption\":\"admin9276\"},\"logo\":{\"@id\":\"https:\/\/christellebesse.com\/#\/schema\/person\/image\/\"},\"description\":\"Artiste, illustratrice professionnelle depuis 2022, bas\u00e9e en Provence.\",\"sameAs\":[\"https:\/\/christellebesse.com\",\"https:\/\/www.facebook.com\/christelle.besse.79\/\",\"https:\/\/www.instagram.com\/__christellebesse__\/\",\"https:\/\/www.linkedin.com\/in\/christellebesse-art\/\"]}]}<\/script>\n<!-- \/ Yoast SEO plugin. -->","yoast_head_json":{"title":"Portraits - ChristelleBESSE - Artiste et Illustratrice","description":"Portraits","robots":{"index":"index","follow":"follow","max-snippet":"max-snippet:-1","max-image-preview":"max-image-preview:large","max-video-preview":"max-video-preview:-1"},"canonical":"https:\/\/christellebesse.com\/index.php\/portraits\/","og_locale":"fr_FR","og_type":"article","og_title":"Portraits - ChristelleBESSE - Artiste et Illustratrice","og_description":"Portraits","og_url":"https:\/\/christellebesse.com\/index.php\/portraits\/","og_site_name":"ChristelleBESSE - Artiste et Illustratrice","article_publisher":"https:\/\/www.facebook.com\/christelle.besse.79\/","article_modified_time":"2023-10-16T13:41:09+00:00","og_image":[{"url":"http:\/\/christellebesse.com\/wp-content\/uploads\/2023\/09\/Portrait_animal-de-compagnie3.jpg","type":"","width":"","height":""}],"twitter_card":"summary_large_image","twitter_misc":{"Dur\u00e9e de lecture estim\u00e9e":"1 minute"},"schema":{"@context":"https:\/\/schema.org","@graph":[{"@type":"WebPage","@id":"https:\/\/christellebesse.com\/index.php\/portraits\/","url":"https:\/\/christellebesse.com\/index.php\/portraits\/","name":"Portraits - ChristelleBESSE - Artiste et Illustratrice","isPartOf":{"@id":"https:\/\/christellebesse.com\/#website"},"primaryImageOfPage":{"@id":"https:\/\/christellebesse.com\/index.php\/portraits\/#primaryimage"},"image":{"@id":"https:\/\/christellebesse.com\/index.php\/portraits\/#primaryimage"},"thumbnailUrl":"http:\/\/christellebesse.com\/wp-content\/uploads\/2023\/09\/Portrait_animal-de-compagnie3.jpg","datePublished":"2023-08-19T17:41:18+00:00","dateModified":"2023-10-16T13:41:09+00:00","description":"Portraits","breadcrumb":{"@id":"https:\/\/christellebesse.com\/index.php\/portraits\/#breadcrumb"},"inLanguage":"fr-FR","potentialAction":[{"@type":"ReadAction","target":["https:\/\/christellebesse.com\/index.php\/portraits\/"]}]},{"@type":"ImageObject","inLanguage":"fr-FR","@id":"https:\/\/christellebesse.com\/index.php\/portraits\/#primaryimage","url":"http:\/\/christellebesse.com\/wp-content\/uploads\/2023\/09\/Portrait_animal-de-compagnie3.jpg","contentUrl":"http:\/\/christellebesse.com\/wp-content\/uploads\/2023\/09\/Portrait_animal-de-compagnie3.jpg"},{"@type":"BreadcrumbList","@id":"https:\/\/christellebesse.com\/index.php\/portraits\/#breadcrumb","itemListElement":[{"@type":"ListItem","position":1,"name":"Accueil","item":"https:\/\/christellebesse.com\/"},{"@type":"ListItem","position":2,"name":"Portraits"}]},{"@type":"WebSite","@id":"https:\/\/christellebesse.com\/#website","url":"https:\/\/christellebesse.com\/","name":"ChristelleBESSE - Artiste et Illustratrice","description":"ChristelleBESSE - Illustratrice","publisher":{"@id":"https:\/\/christellebesse.com\/#\/schema\/person\/8e80be334482e71b8ef21c26f585c585"},"alternateName":"Christelle BESSE","potentialAction":[{"@type":"SearchAction","target":{"@type":"EntryPoint","urlTemplate":"https:\/\/christellebesse.com\/?s={search_term_string}"},"query-input":{"@type":"PropertyValueSpecification","valueRequired":true,"valueName":"search_term_string"}}],"inLanguage":"fr-FR"},{"@type":["Person","Organization"],"@id":"https:\/\/christellebesse.com\/#\/schema\/person\/8e80be334482e71b8ef21c26f585c585","name":"admin9276","image":{"@type":"ImageObject","inLanguage":"fr-FR","@id":"https:\/\/christellebesse.com\/#\/schema\/person\/image\/","url":"https:\/\/christellebesse.com\/wp-content\/uploads\/2023\/07\/Macaron-CB2-1-scaled.jpg","contentUrl":"https:\/\/christellebesse.com\/wp-content\/uploads\/2023\/07\/Macaron-CB2-1-scaled.jpg","width":2560,"height":2560,"caption":"admin9276"},"logo":{"@id":"https:\/\/christellebesse.com\/#\/schema\/person\/image\/"},"description":"Artiste, illustratrice professionnelle depuis 2022, bas\u00e9e en Provence.","sameAs":["https:\/\/christellebesse.com","https:\/\/www.facebook.com\/christelle.besse.79\/","https:\/\/www.instagram.com\/__christellebesse__\/","https:\/\/www.linkedin.com\/in\/christellebesse-art\/"]}]}},"_links":{"self":[{"href":"https:\/\/christellebesse.com\/index.php\/wp-json\/wp\/v2\/pages\/808","targetHints":{"allow":["GET"]}}],"collection":[{"href":"https:\/\/christellebesse.com\/index.php\/wp-json\/wp\/v2\/pages"}],"about":[{"href":"https:\/\/christellebesse.com\/index.php\/wp-json\/wp\/v2\/types\/page"}],"author":[{"embeddable":true,"href":"https:\/\/christellebesse.com\/index.php\/wp-json\/wp\/v2\/users\/1"}],"replies":[{"embeddable":true,"href":"https:\/\/christellebesse.com\/index.php\/wp-json\/wp\/v2\/comments?post=808"}],"version-history":[{"count":76,"href":"https:\/\/christellebesse.com\/index.php\/wp-json\/wp\/v2\/pages\/808\/revisions"}],"predecessor-version":[{"id":1366,"href":"https:\/\/christellebesse.com\/index.php\/wp-json\/wp\/v2\/pages\/808\/revisions\/1366"}],"wp:attachment":[{"href":"https:\/\/christellebesse.com\/index.php\/wp-json\/wp\/v2\/media?parent=808"}],"curies":[{"name":"wp","href":"https:\/\/api.w.org\/{rel}","templated":true}]}}