{"id":908,"date":"2023-08-20T19:06:05","date_gmt":"2023-08-20T17:06:05","guid":{"rendered":"http:\/\/christellebesse.com\/?page_id=908"},"modified":"2023-10-16T15:03:58","modified_gmt":"2023-10-16T13:03:58","slug":"decoration","status":"publish","type":"page","link":"https:\/\/christellebesse.com\/index.php\/decoration\/","title":{"rendered":"D\u00e9coration"},"content":{"rendered":"\t\t<div data-elementor-type=\"wp-page\" data-elementor-id=\"908\" class=\"elementor elementor-908\">\n\t\t\t\t\t\t<section class=\"elementor-section elementor-top-section elementor-element elementor-element-757fbde elementor-section-boxed elementor-section-height-default elementor-section-height-default\" data-id=\"757fbde\" data-element_type=\"section\">\n\t\t\t\t\t\t<div class=\"elementor-container elementor-column-gap-default\">\n\t\t\t\t\t<div class=\"elementor-column elementor-col-100 elementor-top-column elementor-element elementor-element-2bb28f9\" data-id=\"2bb28f9\" data-element_type=\"column\">\n\t\t\t<div class=\"elementor-widget-wrap elementor-element-populated\">\n\t\t\t\t\t\t<div class=\"elementor-element elementor-element-e6f35ec elementor-widget elementor-widget-heading\" data-id=\"e6f35ec\" data-element_type=\"widget\" data-widget_type=\"heading.default\">\n\t\t\t\t<div class=\"elementor-widget-container\">\n\t\t\t\t\t<h2 class=\"elementor-heading-title elementor-size-default\">D\u00e9cor de produits \u2013 packaging<\/h2>\t\t\t\t<\/div>\n\t\t\t\t<\/div>\n\t\t\t\t<div class=\"elementor-element elementor-element-81e225c elementor-widget elementor-widget-spacer\" data-id=\"81e225c\" data-element_type=\"widget\" data-widget_type=\"spacer.default\">\n\t\t\t\t<div class=\"elementor-widget-container\">\n\t\t\t\t\t\t\t<div class=\"elementor-spacer\">\n\t\t\t<div class=\"elementor-spacer-inner\"><\/div>\n\t\t<\/div>\n\t\t\t\t\t\t<\/div>\n\t\t\t\t<\/div>\n\t\t\t\t\t<\/div>\n\t\t<\/div>\n\t\t\t\t\t<\/div>\n\t\t<\/section>\n\t\t\t\t<section class=\"elementor-section elementor-top-section elementor-element elementor-element-00194e5 elementor-section-boxed elementor-section-height-default elementor-section-height-default\" data-id=\"00194e5\" data-element_type=\"section\">\n\t\t\t\t\t\t<div class=\"elementor-container elementor-column-gap-default\">\n\t\t\t\t\t<div class=\"elementor-column elementor-col-50 elementor-top-column elementor-element elementor-element-ce1f5fd\" data-id=\"ce1f5fd\" data-element_type=\"column\">\n\t\t\t<div class=\"elementor-widget-wrap elementor-element-populated\">\n\t\t\t\t\t\t<div class=\"elementor-element elementor-element-688170d elementor-widget elementor-widget-image\" data-id=\"688170d\" data-element_type=\"widget\" data-widget_type=\"image.default\">\n\t\t\t\t<div class=\"elementor-widget-container\">\n\t\t\t\t\t\t\t\t\t\t\t\t\t\t\t<img fetchpriority=\"high\" decoding=\"async\" width=\"1351\" height=\"1351\" src=\"https:\/\/christellebesse.com\/wp-content\/uploads\/2023\/10\/Decor-de-produit_illustration-digitale-realisee-avec-PROCREATE-1.jpg\" class=\"attachment-full size-full wp-image-1349\" alt=\"D\u00e9cor de produit_illustration digitale r\u00e9alis\u00e9e avec procreate\" srcset=\"https:\/\/christellebesse.com\/wp-content\/uploads\/2023\/10\/Decor-de-produit_illustration-digitale-realisee-avec-PROCREATE-1.jpg 1351w, https:\/\/christellebesse.com\/wp-content\/uploads\/2023\/10\/Decor-de-produit_illustration-digitale-realisee-avec-PROCREATE-1-300x300.jpg 300w, https:\/\/christellebesse.com\/wp-content\/uploads\/2023\/10\/Decor-de-produit_illustration-digitale-realisee-avec-PROCREATE-1-1024x1024.jpg 1024w, https:\/\/christellebesse.com\/wp-content\/uploads\/2023\/10\/Decor-de-produit_illustration-digitale-realisee-avec-PROCREATE-1-150x150.jpg 150w, https:\/\/christellebesse.com\/wp-content\/uploads\/2023\/10\/Decor-de-produit_illustration-digitale-realisee-avec-PROCREATE-1-768x768.jpg 768w\" sizes=\"(max-width: 1351px) 100vw, 1351px\" \/>\t\t\t\t\t\t\t\t\t\t\t\t\t\t\t<\/div>\n\t\t\t\t<\/div>\n\t\t\t\t\t<\/div>\n\t\t<\/div>\n\t\t\t\t<div class=\"elementor-column elementor-col-50 elementor-top-column elementor-element elementor-element-876e249\" data-id=\"876e249\" data-element_type=\"column\">\n\t\t\t<div class=\"elementor-widget-wrap elementor-element-populated\">\n\t\t\t\t\t\t<div class=\"elementor-element elementor-element-45863fc elementor-widget elementor-widget-text-editor\" data-id=\"45863fc\" data-element_type=\"widget\" data-widget_type=\"text-editor.default\">\n\t\t\t\t<div class=\"elementor-widget-container\">\n\t\t\t\t\t\t\t\t\t<p>A l&rsquo;heure du tout num\u00e9rique, un dessin \u00e0 la main rend une communication plus chaleureuse et plus authentique.<\/p><p>La cr\u00e9ation d&rsquo;illustrations ou d&rsquo;univers graphiques est essentielle pour v\u00e9hiculer un message fort tout en <strong>respectant les codes d\u2019une marque.<\/strong><\/p><p>La qualit\u00e9 d\u2019un illustrateur se d\u00e9termine par sa capacit\u00e9 \u00e0 retranscrire sur papier les pens\u00e9es de son client. Outre l\u2019analyse et la compr\u00e9hension du brief, il doit faire appel \u00e0 sa <strong>cr\u00e9ativit\u00e9<\/strong> et son <strong>talent artistique <\/strong>pour sublimer un nouveau produit ou donner vie \u00e0 un projet.<\/p><p>Personnellement, je puise toujours mon inspiration dans la nature mais en y m\u00ealant mon imaginaire, mon sens du d\u00e9tail et du raffinement.<\/p><p>Je consid\u00e8re qu\u2019un visuel est abouti lorsqu\u2019il parvient \u00e0 <strong>insuffler de l\u2019\u00e9motion et \u00e0 interpeller les sens\u00a0!<\/strong><\/p>\t\t\t\t\t\t\t\t<\/div>\n\t\t\t\t<\/div>\n\t\t\t\t\t<\/div>\n\t\t<\/div>\n\t\t\t\t\t<\/div>\n\t\t<\/section>\n\t\t\t\t<\/div>\n\t\t","protected":false},"excerpt":{"rendered":"<p>D\u00e9cor de produits \u2013 packaging A l&rsquo;heure du tout num\u00e9rique, un dessin \u00e0 la main rend une communication plus chaleureuse et plus authentique. La cr\u00e9ation d&rsquo;illustrations ou d&rsquo;univers graphiques est essentielle pour v\u00e9hiculer un message fort tout en respectant les codes d\u2019une marque. La qualit\u00e9 d\u2019un illustrateur se d\u00e9termine par sa capacit\u00e9 \u00e0 retranscrire sur&hellip;&nbsp;<a href=\"https:\/\/christellebesse.com\/index.php\/decoration\/\" class=\"\" rel=\"bookmark\">Lire la suite &raquo;<span class=\"screen-reader-text\">D\u00e9coration<\/span><\/a><\/p>\n","protected":false},"author":1,"featured_media":0,"parent":0,"menu_order":0,"comment_status":"closed","ping_status":"closed","template":"page-templates\/template-pagebuilder-full-width.php","meta":{"neve_meta_sidebar":"","neve_meta_container":"","neve_meta_enable_content_width":"","neve_meta_content_width":0,"neve_meta_title_alignment":"","neve_meta_author_avatar":"","neve_post_elements_order":"","neve_meta_disable_header":"","neve_meta_disable_footer":"","neve_meta_disable_title":"","footnotes":""},"class_list":["post-908","page","type-page","status-publish","hentry"],"yoast_head":"<!-- This site is optimized with the Yoast SEO plugin v26.5 - https:\/\/yoast.com\/wordpress\/plugins\/seo\/ -->\n<title>D\u00e9coration - ChristelleBESSE - Artiste et Illustratrice<\/title>\n<meta name=\"description\" content=\"d\u00e9coration\" \/>\n<meta name=\"robots\" content=\"index, follow, max-snippet:-1, max-image-preview:large, max-video-preview:-1\" \/>\n<link rel=\"canonical\" href=\"https:\/\/christellebesse.com\/index.php\/decoration\/\" \/>\n<meta property=\"og:locale\" content=\"fr_FR\" \/>\n<meta property=\"og:type\" content=\"article\" \/>\n<meta property=\"og:title\" content=\"D\u00e9coration - ChristelleBESSE - Artiste et Illustratrice\" \/>\n<meta property=\"og:description\" content=\"d\u00e9coration\" \/>\n<meta property=\"og:url\" content=\"https:\/\/christellebesse.com\/index.php\/decoration\/\" \/>\n<meta property=\"og:site_name\" content=\"ChristelleBESSE - Artiste et Illustratrice\" \/>\n<meta property=\"article:publisher\" content=\"https:\/\/www.facebook.com\/christelle.besse.79\/\" \/>\n<meta property=\"article:modified_time\" content=\"2023-10-16T13:03:58+00:00\" \/>\n<meta property=\"og:image\" content=\"http:\/\/christellebesse.com\/wp-content\/uploads\/2023\/10\/Decor-de-produit_illustration-digitale-realisee-avec-PROCREATE-1.jpg\" \/>\n<meta name=\"twitter:card\" content=\"summary_large_image\" \/>\n<meta name=\"twitter:label1\" content=\"Dur\u00e9e de lecture estim\u00e9e\" \/>\n\t<meta name=\"twitter:data1\" content=\"1 minute\" \/>\n<script type=\"application\/ld+json\" class=\"yoast-schema-graph\">{\"@context\":\"https:\/\/schema.org\",\"@graph\":[{\"@type\":\"WebPage\",\"@id\":\"https:\/\/christellebesse.com\/index.php\/decoration\/\",\"url\":\"https:\/\/christellebesse.com\/index.php\/decoration\/\",\"name\":\"D\u00e9coration - ChristelleBESSE - Artiste et Illustratrice\",\"isPartOf\":{\"@id\":\"https:\/\/christellebesse.com\/#website\"},\"primaryImageOfPage\":{\"@id\":\"https:\/\/christellebesse.com\/index.php\/decoration\/#primaryimage\"},\"image\":{\"@id\":\"https:\/\/christellebesse.com\/index.php\/decoration\/#primaryimage\"},\"thumbnailUrl\":\"http:\/\/christellebesse.com\/wp-content\/uploads\/2023\/10\/Decor-de-produit_illustration-digitale-realisee-avec-PROCREATE-1.jpg\",\"datePublished\":\"2023-08-20T17:06:05+00:00\",\"dateModified\":\"2023-10-16T13:03:58+00:00\",\"description\":\"d\u00e9coration\",\"breadcrumb\":{\"@id\":\"https:\/\/christellebesse.com\/index.php\/decoration\/#breadcrumb\"},\"inLanguage\":\"fr-FR\",\"potentialAction\":[{\"@type\":\"ReadAction\",\"target\":[\"https:\/\/christellebesse.com\/index.php\/decoration\/\"]}]},{\"@type\":\"ImageObject\",\"inLanguage\":\"fr-FR\",\"@id\":\"https:\/\/christellebesse.com\/index.php\/decoration\/#primaryimage\",\"url\":\"https:\/\/christellebesse.com\/wp-content\/uploads\/2023\/10\/Decor-de-produit_illustration-digitale-realisee-avec-PROCREATE-1.jpg\",\"contentUrl\":\"https:\/\/christellebesse.com\/wp-content\/uploads\/2023\/10\/Decor-de-produit_illustration-digitale-realisee-avec-PROCREATE-1.jpg\",\"width\":1351,\"height\":1351,\"caption\":\"D\u00e9cor pour savon de Marseille liquide\"},{\"@type\":\"BreadcrumbList\",\"@id\":\"https:\/\/christellebesse.com\/index.php\/decoration\/#breadcrumb\",\"itemListElement\":[{\"@type\":\"ListItem\",\"position\":1,\"name\":\"Accueil\",\"item\":\"https:\/\/christellebesse.com\/\"},{\"@type\":\"ListItem\",\"position\":2,\"name\":\"D\u00e9coration\"}]},{\"@type\":\"WebSite\",\"@id\":\"https:\/\/christellebesse.com\/#website\",\"url\":\"https:\/\/christellebesse.com\/\",\"name\":\"ChristelleBESSE - Artiste et Illustratrice\",\"description\":\"ChristelleBESSE - Illustratrice\",\"publisher\":{\"@id\":\"https:\/\/christellebesse.com\/#\/schema\/person\/8e80be334482e71b8ef21c26f585c585\"},\"alternateName\":\"Christelle BESSE\",\"potentialAction\":[{\"@type\":\"SearchAction\",\"target\":{\"@type\":\"EntryPoint\",\"urlTemplate\":\"https:\/\/christellebesse.com\/?s={search_term_string}\"},\"query-input\":{\"@type\":\"PropertyValueSpecification\",\"valueRequired\":true,\"valueName\":\"search_term_string\"}}],\"inLanguage\":\"fr-FR\"},{\"@type\":[\"Person\",\"Organization\"],\"@id\":\"https:\/\/christellebesse.com\/#\/schema\/person\/8e80be334482e71b8ef21c26f585c585\",\"name\":\"admin9276\",\"image\":{\"@type\":\"ImageObject\",\"inLanguage\":\"fr-FR\",\"@id\":\"https:\/\/christellebesse.com\/#\/schema\/person\/image\/\",\"url\":\"https:\/\/christellebesse.com\/wp-content\/uploads\/2023\/07\/Macaron-CB2-1-scaled.jpg\",\"contentUrl\":\"https:\/\/christellebesse.com\/wp-content\/uploads\/2023\/07\/Macaron-CB2-1-scaled.jpg\",\"width\":2560,\"height\":2560,\"caption\":\"admin9276\"},\"logo\":{\"@id\":\"https:\/\/christellebesse.com\/#\/schema\/person\/image\/\"},\"description\":\"Artiste, illustratrice professionnelle depuis 2022, bas\u00e9e en Provence.\",\"sameAs\":[\"https:\/\/christellebesse.com\",\"https:\/\/www.facebook.com\/christelle.besse.79\/\",\"https:\/\/www.instagram.com\/__christellebesse__\/\",\"https:\/\/www.linkedin.com\/in\/christellebesse-art\/\"]}]}<\/script>\n<!-- \/ Yoast SEO plugin. -->","yoast_head_json":{"title":"D\u00e9coration - ChristelleBESSE - Artiste et Illustratrice","description":"d\u00e9coration","robots":{"index":"index","follow":"follow","max-snippet":"max-snippet:-1","max-image-preview":"max-image-preview:large","max-video-preview":"max-video-preview:-1"},"canonical":"https:\/\/christellebesse.com\/index.php\/decoration\/","og_locale":"fr_FR","og_type":"article","og_title":"D\u00e9coration - ChristelleBESSE - Artiste et Illustratrice","og_description":"d\u00e9coration","og_url":"https:\/\/christellebesse.com\/index.php\/decoration\/","og_site_name":"ChristelleBESSE - Artiste et Illustratrice","article_publisher":"https:\/\/www.facebook.com\/christelle.besse.79\/","article_modified_time":"2023-10-16T13:03:58+00:00","og_image":[{"url":"http:\/\/christellebesse.com\/wp-content\/uploads\/2023\/10\/Decor-de-produit_illustration-digitale-realisee-avec-PROCREATE-1.jpg","type":"","width":"","height":""}],"twitter_card":"summary_large_image","twitter_misc":{"Dur\u00e9e de lecture estim\u00e9e":"1 minute"},"schema":{"@context":"https:\/\/schema.org","@graph":[{"@type":"WebPage","@id":"https:\/\/christellebesse.com\/index.php\/decoration\/","url":"https:\/\/christellebesse.com\/index.php\/decoration\/","name":"D\u00e9coration - ChristelleBESSE - Artiste et Illustratrice","isPartOf":{"@id":"https:\/\/christellebesse.com\/#website"},"primaryImageOfPage":{"@id":"https:\/\/christellebesse.com\/index.php\/decoration\/#primaryimage"},"image":{"@id":"https:\/\/christellebesse.com\/index.php\/decoration\/#primaryimage"},"thumbnailUrl":"http:\/\/christellebesse.com\/wp-content\/uploads\/2023\/10\/Decor-de-produit_illustration-digitale-realisee-avec-PROCREATE-1.jpg","datePublished":"2023-08-20T17:06:05+00:00","dateModified":"2023-10-16T13:03:58+00:00","description":"d\u00e9coration","breadcrumb":{"@id":"https:\/\/christellebesse.com\/index.php\/decoration\/#breadcrumb"},"inLanguage":"fr-FR","potentialAction":[{"@type":"ReadAction","target":["https:\/\/christellebesse.com\/index.php\/decoration\/"]}]},{"@type":"ImageObject","inLanguage":"fr-FR","@id":"https:\/\/christellebesse.com\/index.php\/decoration\/#primaryimage","url":"https:\/\/christellebesse.com\/wp-content\/uploads\/2023\/10\/Decor-de-produit_illustration-digitale-realisee-avec-PROCREATE-1.jpg","contentUrl":"https:\/\/christellebesse.com\/wp-content\/uploads\/2023\/10\/Decor-de-produit_illustration-digitale-realisee-avec-PROCREATE-1.jpg","width":1351,"height":1351,"caption":"D\u00e9cor pour savon de Marseille liquide"},{"@type":"BreadcrumbList","@id":"https:\/\/christellebesse.com\/index.php\/decoration\/#breadcrumb","itemListElement":[{"@type":"ListItem","position":1,"name":"Accueil","item":"https:\/\/christellebesse.com\/"},{"@type":"ListItem","position":2,"name":"D\u00e9coration"}]},{"@type":"WebSite","@id":"https:\/\/christellebesse.com\/#website","url":"https:\/\/christellebesse.com\/","name":"ChristelleBESSE - Artiste et Illustratrice","description":"ChristelleBESSE - Illustratrice","publisher":{"@id":"https:\/\/christellebesse.com\/#\/schema\/person\/8e80be334482e71b8ef21c26f585c585"},"alternateName":"Christelle BESSE","potentialAction":[{"@type":"SearchAction","target":{"@type":"EntryPoint","urlTemplate":"https:\/\/christellebesse.com\/?s={search_term_string}"},"query-input":{"@type":"PropertyValueSpecification","valueRequired":true,"valueName":"search_term_string"}}],"inLanguage":"fr-FR"},{"@type":["Person","Organization"],"@id":"https:\/\/christellebesse.com\/#\/schema\/person\/8e80be334482e71b8ef21c26f585c585","name":"admin9276","image":{"@type":"ImageObject","inLanguage":"fr-FR","@id":"https:\/\/christellebesse.com\/#\/schema\/person\/image\/","url":"https:\/\/christellebesse.com\/wp-content\/uploads\/2023\/07\/Macaron-CB2-1-scaled.jpg","contentUrl":"https:\/\/christellebesse.com\/wp-content\/uploads\/2023\/07\/Macaron-CB2-1-scaled.jpg","width":2560,"height":2560,"caption":"admin9276"},"logo":{"@id":"https:\/\/christellebesse.com\/#\/schema\/person\/image\/"},"description":"Artiste, illustratrice professionnelle depuis 2022, bas\u00e9e en Provence.","sameAs":["https:\/\/christellebesse.com","https:\/\/www.facebook.com\/christelle.besse.79\/","https:\/\/www.instagram.com\/__christellebesse__\/","https:\/\/www.linkedin.com\/in\/christellebesse-art\/"]}]}},"_links":{"self":[{"href":"https:\/\/christellebesse.com\/index.php\/wp-json\/wp\/v2\/pages\/908","targetHints":{"allow":["GET"]}}],"collection":[{"href":"https:\/\/christellebesse.com\/index.php\/wp-json\/wp\/v2\/pages"}],"about":[{"href":"https:\/\/christellebesse.com\/index.php\/wp-json\/wp\/v2\/types\/page"}],"author":[{"embeddable":true,"href":"https:\/\/christellebesse.com\/index.php\/wp-json\/wp\/v2\/users\/1"}],"replies":[{"embeddable":true,"href":"https:\/\/christellebesse.com\/index.php\/wp-json\/wp\/v2\/comments?post=908"}],"version-history":[{"count":13,"href":"https:\/\/christellebesse.com\/index.php\/wp-json\/wp\/v2\/pages\/908\/revisions"}],"predecessor-version":[{"id":1363,"href":"https:\/\/christellebesse.com\/index.php\/wp-json\/wp\/v2\/pages\/908\/revisions\/1363"}],"wp:attachment":[{"href":"https:\/\/christellebesse.com\/index.php\/wp-json\/wp\/v2\/media?parent=908"}],"curies":[{"name":"wp","href":"https:\/\/api.w.org\/{rel}","templated":true}]}}